{"id":2863,"date":"2026-04-11T15:47:12","date_gmt":"2026-04-11T20:47:12","guid":{"rendered":"https:\/\/asmedcoid.com\/?page_id=2863"},"modified":"2026-04-16T15:04:27","modified_gmt":"2026-04-16T20:04:27","slug":"publicitarios","status":"publish","type":"page","link":"https:\/\/asmedcoid.com\/index.php\/publicitarios\/","title":{"rendered":"Publicitarios"},"content":{"rendered":"\t\t<div data-elementor-type=\"wp-page\" data-elementor-id=\"2863\" class=\"elementor elementor-2863\" data-elementor-post-type=\"page\">\n\t\t\t\t<div class=\"elementor-element elementor-element-8ad0344 e-con-full e-flex e-con e-parent\" data-id=\"8ad0344\" data-element_type=\"container\" data-settings=\"{&quot;background_background&quot;:&quot;classic&quot;}\">\n\t\t<div class=\"elementor-element elementor-element-1c235b1 e-con-full e-flex e-con e-child\" data-id=\"1c235b1\" data-element_type=\"container\">\n\t\t\t\t<div class=\"elementor-element elementor-element-531ab8b elementor-invisible elementor-widget elementor-widget-heading\" data-id=\"531ab8b\" data-element_type=\"widget\" data-settings=\"{&quot;_animation&quot;:&quot;fadeInUp&quot;}\" data-widget_type=\"heading.default\">\n\t\t\t\t\t<h1 class=\"elementor-heading-title elementor-size-default\">Publicitarios<\/h1>\t\t\t\t<\/div>\n\t\t\t\t<div class=\"elementor-element elementor-element-ffe6489 elementor-invisible elementor-widget elementor-widget-text-editor\" data-id=\"ffe6489\" data-element_type=\"widget\" data-settings=\"{&quot;_animation&quot;:&quot;fadeInUp&quot;,&quot;_animation_delay&quot;:100}\" data-widget_type=\"text-editor.default\">\n\t\t\t\t\t\t\t\t\t<p data-start=\"188\" data-end=\"411\">Carnets personalizados para identificar, organizar y controlar el\u00a0<\/p><p data-start=\"188\" data-end=\"411\">acceso de tu equipo. Duraderos, seguros y con tecnolog\u00eda\u00a0<\/p><p data-start=\"188\" data-end=\"411\">opcional como chip RFID o c\u00f3digo QR.\u00a0<\/p><p data-start=\"188\" data-end=\"411\">Tu marca y tu personal, siempre visibles y protegidos.<\/p>\t\t\t\t\t\t\t\t<\/div>\n\t\t<div class=\"elementor-element elementor-element-cc9573c e-con-full e-flex e-con e-child\" data-id=\"cc9573c\" data-element_type=\"container\">\n\t\t\t\t<div class=\"elementor-element elementor-element-f5b1928 elementor-align-right elementor-tablet-align-left elementor-hidden-mobile elementor-invisible elementor-widget elementor-widget-button\" data-id=\"f5b1928\" data-element_type=\"widget\" data-settings=\"{&quot;_animation&quot;:&quot;fadeInUp&quot;,&quot;_animation_delay&quot;:150}\" data-widget_type=\"button.default\">\n\t\t\t\t\t\t\t\t\t\t<a class=\"elementor-button elementor-button-link elementor-size-sm\" href=\"#Materiales\">\n\t\t\t\t\t\t<span class=\"elementor-button-content-wrapper\">\n\t\t\t\t\t\t\t\t\t<span class=\"elementor-button-text\">Tipos<\/span>\n\t\t\t\t\t<\/span>\n\t\t\t\t\t<\/a>\n\t\t\t\t\t\t\t\t<\/div>\n\t\t\t\t<div class=\"elementor-element elementor-element-7f5ac18 elementor-align-right elementor-tablet-align-left elementor-hidden-mobile elementor-invisible elementor-widget elementor-widget-button\" data-id=\"7f5ac18\" data-element_type=\"widget\" data-settings=\"{&quot;_animation&quot;:&quot;fadeInUp&quot;,&quot;_animation_delay&quot;:150}\" data-widget_type=\"button.default\">\n\t\t\t\t\t\t\t\t\t\t<a class=\"elementor-button elementor-button-link elementor-size-sm\" href=\"#Formato\">\n\t\t\t\t\t\t<span class=\"elementor-button-content-wrapper\">\n\t\t\t\t\t\t\t\t\t<span class=\"elementor-button-text\">formato<\/span>\n\t\t\t\t\t<\/span>\n\t\t\t\t\t<\/a>\n\t\t\t\t\t\t\t\t<\/div>\n\t\t\t\t<div class=\"elementor-element elementor-element-31434ea elementor-align-right elementor-tablet-align-left elementor-hidden-mobile elementor-invisible elementor-widget elementor-widget-button\" data-id=\"31434ea\" data-element_type=\"widget\" data-settings=\"{&quot;_animation&quot;:&quot;fadeInUp&quot;,&quot;_animation_delay&quot;:150}\" data-widget_type=\"button.default\">\n\t\t\t\t\t\t\t\t\t\t<a class=\"elementor-button elementor-button-link elementor-size-sm\" href=\"#Impresion\">\n\t\t\t\t\t\t<span class=\"elementor-button-content-wrapper\">\n\t\t\t\t\t\t\t\t\t<span class=\"elementor-button-text\">Impresi\u00f3n<\/span>\n\t\t\t\t\t<\/span>\n\t\t\t\t\t<\/a>\n\t\t\t\t\t\t\t\t<\/div>\n\t\t\t\t<\/div>\n\t\t<div class=\"elementor-element elementor-element-cfd024b e-con-full e-flex e-con e-child\" data-id=\"cfd024b\" data-element_type=\"container\">\n\t\t\t\t<div class=\"elementor-element elementor-element-9ab14a0 elementor-invisible elementor-widget elementor-widget-button\" data-id=\"9ab14a0\" data-element_type=\"widget\" data-settings=\"{&quot;_animation&quot;:&quot;fadeInUp&quot;,&quot;_animation_delay&quot;:150}\" data-widget_type=\"button.default\">\n\t\t\t\t\t\t\t\t\t\t<a class=\"elementor-button elementor-button-link elementor-size-sm\" href=\"https:\/\/asmedcoid.com\/index.php\/contacto\/\">\n\t\t\t\t\t\t<span class=\"elementor-button-content-wrapper\">\n\t\t\t\t\t\t\t\t\t<span class=\"elementor-button-text\">Solicita tu cotizaci\u00f3n<\/span>\n\t\t\t\t\t<\/span>\n\t\t\t\t\t<\/a>\n\t\t\t\t\t\t\t\t<\/div>\n\t\t\t\t<\/div>\n\t\t\t\t<\/div>\n\t\t\t\t<\/div>\n\t\t<div class=\"elementor-element elementor-element-51eaa70 e-flex e-con-boxed e-con e-parent\" data-id=\"51eaa70\" data-element_type=\"container\" data-settings=\"{&quot;background_background&quot;:&quot;classic&quot;}\">\n\t\t\t\t\t<div class=\"e-con-inner\">\n\t\t<div class=\"elementor-element elementor-element-3e798ce e-con-full e-flex e-con e-child\" data-id=\"3e798ce\" data-element_type=\"container\">\n\t\t<div class=\"elementor-element elementor-element-a8815f6 e-con-full e-flex e-con e-child\" data-id=\"a8815f6\" data-element_type=\"container\">\n\t\t<div class=\"elementor-element elementor-element-24c757f e-con-full e-flex e-con e-child\" data-id=\"24c757f\" data-element_type=\"container\">\n\t\t<div class=\"elementor-element elementor-element-4ead33c e-con-full e-flex e-con e-child\" data-id=\"4ead33c\" data-element_type=\"container\" data-settings=\"{&quot;background_background&quot;:&quot;classic&quot;}\">\n\t\t\t\t<div class=\"elementor-element elementor-element-c42e210 elementor-widget__width-inherit elementor-widget elementor-widget-heading\" data-id=\"c42e210\" data-element_type=\"widget\" data-widget_type=\"heading.default\">\n\t\t\t\t\t<h2 class=\"elementor-heading-title elementor-size-default\">Agendas y cuadernos corporativos<\/h2>\t\t\t\t<\/div>\n\t\t<div class=\"elementor-element elementor-element-2bb061a e-con-full e-flex e-con e-child\" data-id=\"2bb061a\" data-element_type=\"container\" data-settings=\"{&quot;background_background&quot;:&quot;classic&quot;}\">\n\t\t\t\t<\/div>\n\t\t<div class=\"elementor-element elementor-element-4230c9c e-con-full e-flex e-con e-child\" data-id=\"4230c9c\" data-element_type=\"container\" data-settings=\"{&quot;background_background&quot;:&quot;classic&quot;}\">\n\t\t\t\t<div class=\"elementor-element elementor-element-c7ff9c9 elementor-widget elementor-widget-text-editor\" data-id=\"c7ff9c9\" data-element_type=\"widget\" data-widget_type=\"text-editor.default\">\n\t\t\t\t\t\t\t\t\t<p><strong>Agendas empresariales en Bogot\u00e1:<\/strong>\u00a0Cuadernos personalizados con logo para regalos corporativos. Calidad premium, variedad de acabados y dise\u00f1o institucional.<\/p>\t\t\t\t\t\t\t\t<\/div>\n\t\t\t\t<\/div>\n\t\t\t\t<\/div>\n\t\t<div class=\"elementor-element elementor-element-edccb65 e-con-full e-flex e-con e-child\" data-id=\"edccb65\" data-element_type=\"container\" data-settings=\"{&quot;background_background&quot;:&quot;classic&quot;}\">\n\t\t\t\t<div class=\"elementor-element elementor-element-e2f6458 elementor-widget__width-inherit elementor-widget elementor-widget-heading\" data-id=\"e2f6458\" data-element_type=\"widget\" data-widget_type=\"heading.default\">\n\t\t\t\t\t<h2 class=\"elementor-heading-title elementor-size-default\">Bolsas de Cambrel Personalizadas<\/h2>\t\t\t\t<\/div>\n\t\t<div class=\"elementor-element elementor-element-b110317 e-con-full e-flex e-con e-child\" data-id=\"b110317\" data-element_type=\"container\" data-settings=\"{&quot;background_background&quot;:&quot;classic&quot;}\">\n\t\t\t\t<\/div>\n\t\t<div class=\"elementor-element elementor-element-51cf26f e-con-full e-flex e-con e-child\" data-id=\"51cf26f\" data-element_type=\"container\" data-settings=\"{&quot;background_background&quot;:&quot;classic&quot;}\">\n\t\t\t\t<div class=\"elementor-element elementor-element-dbb7558 elementor-widget elementor-widget-text-editor\" data-id=\"dbb7558\" data-element_type=\"widget\" data-widget_type=\"text-editor.default\">\n\t\t\t\t\t\t\t\t\t<p><strong>Bolsas de cambrel en Bogot\u00e1:<\/strong>\u00a0Bolsas ecol\u00f3gicas personalizadas con su logo. Variedad de colores y tama\u00f1os para publicidad y comercio. Calidad y durabilidad.<\/p>\t\t\t\t\t\t\t\t<\/div>\n\t\t\t\t<\/div>\n\t\t\t\t<\/div>\n\t\t<div class=\"elementor-element elementor-element-198d586 e-con-full e-flex e-con e-child\" data-id=\"198d586\" data-element_type=\"container\" data-settings=\"{&quot;background_background&quot;:&quot;classic&quot;}\">\n\t\t\t\t<div class=\"elementor-element elementor-element-d459454 elementor-widget__width-inherit elementor-widget elementor-widget-heading\" data-id=\"d459454\" data-element_type=\"widget\" data-widget_type=\"heading.default\">\n\t\t\t\t\t<h2 class=\"elementor-heading-title elementor-size-default\">Esferos Publicitarios Personalizados<\/h2>\t\t\t\t<\/div>\n\t\t<div class=\"elementor-element elementor-element-38dc530 e-con-full e-flex e-con e-child\" data-id=\"38dc530\" data-element_type=\"container\" data-settings=\"{&quot;background_background&quot;:&quot;classic&quot;}\">\n\t\t\t\t<\/div>\n\t\t<div class=\"elementor-element elementor-element-0c5359c e-con-full e-flex e-con e-child\" data-id=\"0c5359c\" data-element_type=\"container\" data-settings=\"{&quot;background_background&quot;:&quot;classic&quot;}\">\n\t\t\t\t<div class=\"elementor-element elementor-element-b146343 elementor-widget elementor-widget-text-editor\" data-id=\"b146343\" data-element_type=\"widget\" data-widget_type=\"text-editor.default\">\n\t\t\t\t\t\t\t\t\t<p>Venta de <strong>esferos publicitarios en Bogot\u00e1<\/strong>. Personalizamos <strong>bol\u00edgrafos corporativos<\/strong> con tu logo. Calidad premium para merchandising y eventos empresariales.<\/p>\t\t\t\t\t\t\t\t<\/div>\n\t\t\t\t<\/div>\n\t\t\t\t<\/div>\n\t\t\t\t<\/div>\n\t\t\t\t<\/div>\n\t\t\t\t<\/div>\n\t\t<div class=\"elementor-element elementor-element-f2328b5 e-con-full e-flex e-con e-child\" data-id=\"f2328b5\" data-element_type=\"container\">\n\t\t<div class=\"elementor-element elementor-element-efd17c0 e-con-full e-flex e-con e-child\" data-id=\"efd17c0\" data-element_type=\"container\" data-settings=\"{&quot;background_background&quot;:&quot;classic&quot;}\">\n\t\t\t\t<div class=\"elementor-element elementor-element-1ad4ec9 elementor-widget__width-inherit elementor-widget elementor-widget-heading\" data-id=\"1ad4ec9\" data-element_type=\"widget\" data-widget_type=\"heading.default\">\n\t\t\t\t\t<h2 class=\"elementor-heading-title elementor-size-default\">Mugs y pocillos personalizados<\/h2>\t\t\t\t<\/div>\n\t\t<div class=\"elementor-element elementor-element-f6d7e4d e-con-full e-flex e-con e-child\" data-id=\"f6d7e4d\" data-element_type=\"container\" data-settings=\"{&quot;background_background&quot;:&quot;classic&quot;}\">\n\t\t\t\t<\/div>\n\t\t<div class=\"elementor-element elementor-element-ff6c13c e-con-full e-flex e-con e-child\" data-id=\"ff6c13c\" data-element_type=\"container\" data-settings=\"{&quot;background_background&quot;:&quot;classic&quot;}\">\n\t\t\t\t<div class=\"elementor-element elementor-element-b6b9e2a elementor-widget elementor-widget-text-editor\" data-id=\"b6b9e2a\" data-element_type=\"widget\" data-widget_type=\"text-editor.default\">\n\t\t\t\t\t\t\t\t\t<p>Expertos en <strong>Mugs personalizados en Bogot\u00e1<\/strong>. Impresi\u00f3n de <strong>pocillos publicitarios<\/strong> de alta calidad con tu logo. Ideales para regalos corporativos y eventos.<\/p>\t\t\t\t\t\t\t\t<\/div>\n\t\t\t\t<\/div>\n\t\t\t\t<\/div>\n\t\t<div class=\"elementor-element elementor-element-defb7cd e-con-full e-flex e-con e-child\" data-id=\"defb7cd\" data-element_type=\"container\" data-settings=\"{&quot;background_background&quot;:&quot;classic&quot;}\">\n\t\t\t\t<div class=\"elementor-element elementor-element-b370cce elementor-widget__width-inherit elementor-widget elementor-widget-heading\" data-id=\"b370cce\" data-element_type=\"widget\" data-widget_type=\"heading.default\">\n\t\t\t\t\t<h2 class=\"elementor-heading-title elementor-size-default\">Gorras personalizadas con logo<\/h2>\t\t\t\t<\/div>\n\t\t<div class=\"elementor-element elementor-element-cf4ec3f e-con-full e-flex e-con e-child\" data-id=\"cf4ec3f\" data-element_type=\"container\" data-settings=\"{&quot;background_background&quot;:&quot;classic&quot;}\">\n\t\t\t\t<\/div>\n\t\t<div class=\"elementor-element elementor-element-a767a12 e-con-full e-flex e-con e-child\" data-id=\"a767a12\" data-element_type=\"container\" data-settings=\"{&quot;background_background&quot;:&quot;classic&quot;}\">\n\t\t\t\t<div class=\"elementor-element elementor-element-da4a63f elementor-widget elementor-widget-text-editor\" data-id=\"da4a63f\" data-element_type=\"widget\" data-widget_type=\"text-editor.default\">\n\t\t\t\t\t\t\t\t\t<p><strong>Gorras personalizadas en Bogot\u00e1:<\/strong>\u00a0Bordado, sublimaci\u00f3n, vinilo textil o DTF de alta calidad para empresas y eventos. Cachuchas publicitarias duraderas con su logo. \u00a1Impulse su marca con estilo!<\/p>\t\t\t\t\t\t\t\t<\/div>\n\t\t\t\t<\/div>\n\t\t\t\t<\/div>\n\t\t<div class=\"elementor-element elementor-element-afec0af e-con-full e-flex e-con e-child\" data-id=\"afec0af\" data-element_type=\"container\" data-settings=\"{&quot;background_background&quot;:&quot;classic&quot;}\">\n\t\t\t\t<div class=\"elementor-element elementor-element-777218b elementor-widget__width-inherit elementor-widget elementor-widget-heading\" data-id=\"777218b\" data-element_type=\"widget\" data-widget_type=\"heading.default\">\n\t\t\t\t\t<h2 class=\"elementor-heading-title elementor-size-default\">Camisetas Personalizadas con logo<\/h2>\t\t\t\t<\/div>\n\t\t<div class=\"elementor-element elementor-element-f71bd56 e-con-full e-flex e-con e-child\" data-id=\"f71bd56\" data-element_type=\"container\" data-settings=\"{&quot;background_background&quot;:&quot;classic&quot;}\">\n\t\t\t\t<\/div>\n\t\t<div class=\"elementor-element elementor-element-11d9d09 e-con-full e-flex e-con e-child\" data-id=\"11d9d09\" data-element_type=\"container\" data-settings=\"{&quot;background_background&quot;:&quot;classic&quot;}\">\n\t\t\t\t<div class=\"elementor-element elementor-element-9a9b7cf elementor-widget elementor-widget-text-editor\" data-id=\"9a9b7cf\" data-element_type=\"widget\" data-widget_type=\"text-editor.default\">\n\t\t\t\t\t\t\t\t\t<p><strong>Camisetas personalizadas en Bogot\u00e1:<\/strong>\u00a0Estampados de alta calidad para empresas y eventos. Camisetas tipo polo o cuello redondo con su logo. \u00a1Pida su cotizaci\u00f3n!\u00a0<\/p>\t\t\t\t\t\t\t\t<\/div>\n\t\t\t\t<\/div>\n\t\t\t\t<\/div>\n\t\t\t\t<\/div>\n\t\t\t\t\t<\/div>\n\t\t\t\t<\/div>\n\t\t\t\t<\/div>\n\t\t","protected":false},"excerpt":{"rendered":"<p>Publicitarios Carnets personalizados para identificar, organizar y controlar el\u00a0 acceso de tu equipo. Duraderos, seguros y con tecnolog\u00eda\u00a0 opcional como chip RFID o c\u00f3digo QR.\u00a0 Tu marca y tu personal, siempre visibles y protegidos. Tipos formato Impresi\u00f3n Solicita tu cotizaci\u00f3n Agendas y cuadernos corporativos Agendas empresariales en Bogot\u00e1:\u00a0Cuadernos personalizados con logo para regalos corporativos. Calidad [&hellip;]<\/p>\n","protected":false},"author":1,"featured_media":0,"parent":0,"menu_order":0,"comment_status":"closed","ping_status":"closed","template":"","meta":{"footnotes":""},"class_list":["post-2863","page","type-page","status-publish","hentry"],"aioseo_notices":[],"_hostinger_reach_plugin_has_subscription_block":false,"_hostinger_reach_plugin_is_elementor":false,"_links":{"self":[{"href":"https:\/\/asmedcoid.com\/index.php\/wp-json\/wp\/v2\/pages\/2863","targetHints":{"allow":["GET"]}}],"collection":[{"href":"https:\/\/asmedcoid.com\/index.php\/wp-json\/wp\/v2\/pages"}],"about":[{"href":"https:\/\/asmedcoid.com\/index.php\/wp-json\/wp\/v2\/types\/page"}],"author":[{"embeddable":true,"href":"https:\/\/asmedcoid.com\/index.php\/wp-json\/wp\/v2\/users\/1"}],"replies":[{"embeddable":true,"href":"https:\/\/asmedcoid.com\/index.php\/wp-json\/wp\/v2\/comments?post=2863"}],"version-history":[{"count":116,"href":"https:\/\/asmedcoid.com\/index.php\/wp-json\/wp\/v2\/pages\/2863\/revisions"}],"predecessor-version":[{"id":3825,"href":"https:\/\/asmedcoid.com\/index.php\/wp-json\/wp\/v2\/pages\/2863\/revisions\/3825"}],"wp:attachment":[{"href":"https:\/\/asmedcoid.com\/index.php\/wp-json\/wp\/v2\/media?parent=2863"}],"curies":[{"name":"wp","href":"https:\/\/api.w.org\/{rel}","templated":true}]}}